{"id":2227,"date":"2026-04-20T17:02:09","date_gmt":"2026-04-20T15:02:09","guid":{"rendered":"https:\/\/vair.world\/?page_id=2227"},"modified":"2026-05-06T16:14:51","modified_gmt":"2026-05-06T14:14:51","slug":"finanzierungen","status":"publish","type":"page","link":"https:\/\/vair.world\/en\/finanzierungen\/","title":{"rendered":"Fahrzeugfinanzierungen"},"content":{"rendered":"<div data-elementor-type=\"wp-page\" data-elementor-id=\"2227\" class=\"elementor elementor-2227\" data-elementor-settings=\"{&quot;ha_cmc_init_switcher&quot;:&quot;no&quot;}\" data-elementor-post-type=\"page\">\n\t\t\t\t<div class=\"elementor-element elementor-element-384a60b7 e-con-full e-flex e-con e-parent\" data-id=\"384a60b7\" data-element_type=\"container\" data-e-type=\"container\" data-settings=\"{&quot;background_background&quot;:&quot;classic&quot;,&quot;_ha_eqh_enable&quot;:false}\">\n\t\t<div class=\"elementor-element elementor-element-7dea149d e-flex e-con-boxed e-con e-child\" data-id=\"7dea149d\" data-element_type=\"container\" data-e-type=\"container\" data-settings=\"{&quot;background_background&quot;:&quot;gradient&quot;,&quot;_ha_eqh_enable&quot;:false}\">\n\t\t\t\t\t<div class=\"e-con-inner\">\n\t\t<div class=\"elementor-element elementor-element-2a065da5 e-flex e-con-boxed e-con e-child\" data-id=\"2a065da5\" data-element_type=\"container\" data-e-type=\"container\" data-settings=\"{&quot;_ha_eqh_enable&quot;:false}\">\n\t\t\t\t\t<div class=\"e-con-inner\">\n\t\t\t\t<div class=\"elementor-element elementor-element-321283ab elementor-invisible elementor-widget elementor-widget-heading\" data-id=\"321283ab\" data-element_type=\"widget\" data-e-type=\"widget\" data-settings=\"{&quot;_animation&quot;:&quot;fadeIn&quot;}\" data-widget_type=\"heading.default\">\n\t\t\t\t<div class=\"elementor-widget-container\">\n\t\t\t\t\t<h2 class=\"elementor-heading-title elementor-size-default\">Fahrzeugfinanzierungen<\/h2>\t\t\t\t<\/div>\n\t\t\t\t<\/div>\n\t\t\t\t<div class=\"elementor-element elementor-element-24d42f70 elementor-widget__width-initial elementor-widget elementor-widget-text-editor\" data-id=\"24d42f70\" data-element_type=\"widget\" data-e-type=\"widget\" data-widget_type=\"text-editor.default\">\n\t\t\t\t<div class=\"elementor-widget-container\">\n\t\t\t\t\t\t\t\t\t<p><span style=\"font-size: medium;\">Die Vair.World unterst\u00fctzt Sie mit individuellen Finanzierungsangeboten dabei, Ihre W\u00fcnsche zu realisieren. Informieren Sie sich \u00fcber unsere Kreditangebote und finden Sie gemeinsam mit uns den passenden Kredit. <\/span><\/p>\t\t\t\t\t\t\t\t<\/div>\n\t\t\t\t<\/div>\n\t\t<div class=\"elementor-element elementor-element-52d110fb e-flex e-con-boxed e-con e-child\" data-id=\"52d110fb\" data-element_type=\"container\" data-e-type=\"container\" data-settings=\"{&quot;_ha_eqh_enable&quot;:false}\">\n\t\t\t\t\t<div class=\"e-con-inner\">\n\t\t\t\t<div class=\"elementor-element elementor-element-5154567a elementor-widget__width-auto elementor-widget elementor-widget-image\" data-id=\"5154567a\" data-element_type=\"widget\" data-e-type=\"widget\" data-widget_type=\"image.default\">\n\t\t\t\t<div class=\"elementor-widget-container\">\n\t\t\t\t\t\t\t\t\t\t\t\t\t\t\t<img fetchpriority=\"high\" decoding=\"async\" width=\"300\" height=\"300\" src=\"https:\/\/vair.world\/wp-content\/uploads\/2024\/03\/pretty-secretary-ZCNGWCU.jpg\" class=\"attachment-large size-large wp-image-32\" alt=\"\" srcset=\"https:\/\/vair.world\/wp-content\/uploads\/2024\/03\/pretty-secretary-ZCNGWCU.jpg 300w, https:\/\/vair.world\/wp-content\/uploads\/2024\/03\/pretty-secretary-ZCNGWCU-150x150.jpg 150w\" sizes=\"(max-width: 300px) 100vw, 300px\" \/>\t\t\t\t\t\t\t\t\t\t\t\t\t\t\t<\/div>\n\t\t\t\t<\/div>\n\t\t\t\t<div class=\"elementor-element elementor-element-5fc656d3 elementor-widget__width-auto elementor-widget elementor-widget-image\" data-id=\"5fc656d3\" data-element_type=\"widget\" data-e-type=\"widget\" data-widget_type=\"image.default\">\n\t\t\t\t<div class=\"elementor-widget-container\">\n\t\t\t\t\t\t\t\t\t\t\t\t\t\t\t<img decoding=\"async\" width=\"300\" height=\"300\" src=\"https:\/\/vair.world\/wp-content\/uploads\/2024\/03\/proud-positive-successful-caucasian-bearded-busine-UX33FLQ.jpg\" class=\"attachment-large size-large wp-image-33\" alt=\"\" srcset=\"https:\/\/vair.world\/wp-content\/uploads\/2024\/03\/proud-positive-successful-caucasian-bearded-busine-UX33FLQ.jpg 300w, https:\/\/vair.world\/wp-content\/uploads\/2024\/03\/proud-positive-successful-caucasian-bearded-busine-UX33FLQ-150x150.jpg 150w\" sizes=\"(max-width: 300px) 100vw, 300px\" \/>\t\t\t\t\t\t\t\t\t\t\t\t\t\t\t<\/div>\n\t\t\t\t<\/div>\n\t\t\t\t<div class=\"elementor-element elementor-element-3b056b86 elementor-widget__width-auto elementor-widget elementor-widget-image\" data-id=\"3b056b86\" data-element_type=\"widget\" data-e-type=\"widget\" data-widget_type=\"image.default\">\n\t\t\t\t<div class=\"elementor-widget-container\">\n\t\t\t\t\t\t\t\t\t\t\t\t\t\t\t<img decoding=\"async\" width=\"160\" height=\"160\" src=\"https:\/\/vair.world\/wp-content\/uploads\/2024\/03\/testimonial-83S5W35.jpg\" class=\"attachment-large size-large wp-image-34\" alt=\"\" srcset=\"https:\/\/vair.world\/wp-content\/uploads\/2024\/03\/testimonial-83S5W35.jpg 160w, https:\/\/vair.world\/wp-content\/uploads\/2024\/03\/testimonial-83S5W35-150x150.jpg 150w\" sizes=\"(max-width: 160px) 100vw, 160px\" \/>\t\t\t\t\t\t\t\t\t\t\t\t\t\t\t<\/div>\n\t\t\t\t<\/div>\n\t\t\t\t<div class=\"elementor-element elementor-element-7adacbc elementor-widget__width-auto elementor-widget-mobile__width-inherit elementor-widget elementor-widget-jkit_heading\" data-id=\"7adacbc\" data-element_type=\"widget\" data-e-type=\"widget\" data-widget_type=\"jkit_heading.default\">\n\t\t\t\t<div class=\"elementor-widget-container\">\n\t\t\t\t\t<div  class=\"jeg-elementor-kit jkit-heading  align-left align-tablet-center align-mobile-center jeg_module___6a049a1dabce2\" ><div class=\"heading-section-title  display-inline-block\"><h3 class=\"heading-title\"><span class=\"style-color\"><span>10K+ <\/span><\/span> Happy Clients<\/h3><\/div><\/div>\t\t\t\t<\/div>\n\t\t\t\t<\/div>\n\t\t\t\t\t<\/div>\n\t\t\t\t<\/div>\n\t\t\t\t\t<\/div>\n\t\t\t\t<\/div>\n\t\t\t\t\t<\/div>\n\t\t\t\t<\/div>\n\t\t\t\t<\/div>\n\t\t<div class=\"elementor-element elementor-element-818f904 e-flex e-con-boxed e-con e-parent\" data-id=\"818f904\" data-element_type=\"container\" data-e-type=\"container\" data-settings=\"{&quot;_ha_eqh_enable&quot;:false}\">\n\t\t\t\t\t<div class=\"e-con-inner\">\n\t\t\t\t<div class=\"elementor-element elementor-element-c89737e elementor-widget elementor-widget-menu-anchor\" data-id=\"c89737e\" data-element_type=\"widget\" data-e-type=\"widget\" data-widget_type=\"menu-anchor.default\">\n\t\t\t\t<div class=\"elementor-widget-container\">\n\t\t\t\t\t\t\t<div class=\"elementor-menu-anchor\" id=\"fahrzeugkredit\"><\/div>\n\t\t\t\t\t\t<\/div>\n\t\t\t\t<\/div>\n\t\t\t\t\t<\/div>\n\t\t\t\t<\/div>\n\t\t<div class=\"elementor-element elementor-element-b3ba3a6 e-con-full e-flex e-con e-parent\" data-id=\"b3ba3a6\" data-element_type=\"container\" data-e-type=\"container\" data-settings=\"{&quot;background_background&quot;:&quot;classic&quot;,&quot;_ha_eqh_enable&quot;:false}\">\n\t\t<div class=\"elementor-element elementor-element-136c8aa e-flex e-con-boxed e-con e-child\" data-id=\"136c8aa\" data-element_type=\"container\" data-e-type=\"container\" data-settings=\"{&quot;background_background&quot;:&quot;classic&quot;,&quot;_ha_eqh_enable&quot;:false}\">\n\t\t\t\t\t<div class=\"e-con-inner\">\n\t\t\t\t<div class=\"elementor-element elementor-element-47e3c1c elementor-widget__width-inherit elementor-invisible elementor-widget elementor-widget-heading\" data-id=\"47e3c1c\" data-element_type=\"widget\" data-e-type=\"widget\" data-settings=\"{&quot;_animation&quot;:&quot;fadeIn&quot;}\" data-widget_type=\"heading.default\">\n\t\t\t\t<div class=\"elementor-widget-container\">\n\t\t\t\t\t<h2 class=\"elementor-heading-title elementor-size-default\">Fahrzeugkredite<\/h2>\t\t\t\t<\/div>\n\t\t\t\t<\/div>\n\t\t\t\t<div class=\"elementor-element elementor-element-de95493 elementor-widget__width-auto e-transform elementor-invisible elementor-widget elementor-widget-jkit_button\" data-id=\"de95493\" data-element_type=\"widget\" data-e-type=\"widget\" data-settings=\"{&quot;_transform_translateX_effect_hover&quot;:{&quot;unit&quot;:&quot;px&quot;,&quot;size&quot;:10,&quot;sizes&quot;:[]},&quot;_animation&quot;:&quot;fadeIn&quot;,&quot;_animation_delay&quot;:400,&quot;_transform_translateX_effect_hover_tablet&quot;:{&quot;unit&quot;:&quot;px&quot;,&quot;size&quot;:&quot;&quot;,&quot;sizes&quot;:[]},&quot;_transform_translateX_effect_hover_mobile&quot;:{&quot;unit&quot;:&quot;px&quot;,&quot;size&quot;:&quot;&quot;,&quot;sizes&quot;:[]},&quot;_transform_translateY_effect_hover&quot;:{&quot;unit&quot;:&quot;px&quot;,&quot;size&quot;:&quot;&quot;,&quot;sizes&quot;:[]},&quot;_transform_translateY_effect_hover_tablet&quot;:{&quot;unit&quot;:&quot;px&quot;,&quot;size&quot;:&quot;&quot;,&quot;sizes&quot;:[]},&quot;_transform_translateY_effect_hover_mobile&quot;:{&quot;unit&quot;:&quot;px&quot;,&quot;size&quot;:&quot;&quot;,&quot;sizes&quot;:[]}}\" data-widget_type=\"jkit_button.default\">\n\t\t\t\t<div class=\"elementor-widget-container\">\n\t\t\t\t\t<div  class=\"jeg-elementor-kit jkit-button  icon-position-before jeg_module__1_6a049a1db0288\" ><a href=\"\/en\/kontakt\/\" class=\"jkit-button-wrapper\"><i aria-hidden=\"true\" class=\"jki jki-right-arrow-light\"><\/i>Sprechen Sie uns an!<\/a><\/div>\t\t\t\t<\/div>\n\t\t\t\t<\/div>\n\t\t\t\t<div class=\"elementor-element elementor-element-e36cb56 elementor-widget__width-initial elementor-widget-tablet__width-inherit elementor-invisible elementor-widget elementor-widget-text-editor\" data-id=\"e36cb56\" data-element_type=\"widget\" data-e-type=\"widget\" data-settings=\"{&quot;_animation&quot;:&quot;fadeIn&quot;,&quot;_animation_delay&quot;:200}\" data-widget_type=\"text-editor.default\">\n\t\t\t\t<div class=\"elementor-widget-container\">\n\t\t\t\t\t\t\t\t\t<p><span style=\"font-size: medium;\">Finanzieren Sie Ihr neues Fahrzeug schnell und unkompliziert mit einem Autokredit. Sie haben das Geld innerhalb weniger Tage zur Verf\u00fcgung und k\u00f6nnen somit die Anzahlung zeitnah leisten. Hier erfahren Sie alles Wissenswerte \u00fcber Autofinanzierung und die Voraussetzungen f\u00fcr einen Kreditantrag. <\/span><\/p><ul><li>F\u00fcr Privatleute k\u00f6nnen wir jeweils ein Fahrzeug finanzieren.<\/li><li>F\u00fcr Einzelunternehmer bis zu 3 Fahrzeuge mit einem Wert von bis zu 150.000 \u20ac<\/li><li>F\u00fcr GmbH und AG k\u00f6nnen wir je nach Bonit\u00e4t auch mehr als 3 Fahrzeuge finanzieren.\u00a0<\/li><\/ul>\t\t\t\t\t\t\t\t<\/div>\n\t\t\t\t<\/div>\n\t\t\t\t\t<\/div>\n\t\t\t\t<\/div>\n\t\t<div class=\"elementor-element elementor-element-dfed32f e-flex e-con-boxed e-con e-child\" data-id=\"dfed32f\" data-element_type=\"container\" data-e-type=\"container\" data-settings=\"{&quot;background_background&quot;:&quot;classic&quot;,&quot;_ha_eqh_enable&quot;:false}\">\n\t\t\t\t\t<div class=\"e-con-inner\">\n\t\t\t\t<div class=\"elementor-element elementor-element-1dac844 elementor-widget elementor-widget-spacer\" data-id=\"1dac844\" data-element_type=\"widget\" data-e-type=\"widget\" data-widget_type=\"spacer.default\">\n\t\t\t\t<div class=\"elementor-widget-container\">\n\t\t\t\t\t\t\t<div class=\"elementor-spacer\">\n\t\t\t<div class=\"elementor-spacer-inner\"><\/div>\n\t\t<\/div>\n\t\t\t\t\t\t<\/div>\n\t\t\t\t<\/div>\n\t\t\t\t\t<\/div>\n\t\t\t\t<\/div>\n\t\t\t\t<\/div>\n\t\t<div class=\"elementor-element elementor-element-a27ac17 e-con-full e-flex e-con e-child\" data-id=\"a27ac17\" data-element_type=\"container\" data-e-type=\"container\" data-settings=\"{&quot;_ha_eqh_enable&quot;:false}\">\n\t\t\t\t<div class=\"elementor-element elementor-element-1cfd620 elementor-invisible elementor-widget elementor-widget-heading\" data-id=\"1cfd620\" data-element_type=\"widget\" data-e-type=\"widget\" data-settings=\"{&quot;_animation&quot;:&quot;fadeIn&quot;}\" data-widget_type=\"heading.default\">\n\t\t\t\t<div class=\"elementor-widget-container\">\n\t\t\t\t\t<h2 class=\"elementor-heading-title elementor-size-default\">Antworten auf Ihre Fragen\n<\/h2>\t\t\t\t<\/div>\n\t\t\t\t<\/div>\n\t\t\t\t<div class=\"elementor-element elementor-element-082e4b6 elementor-widget__width-initial elementor-invisible elementor-widget elementor-widget-text-editor\" data-id=\"082e4b6\" data-element_type=\"widget\" data-e-type=\"widget\" data-settings=\"{&quot;_animation&quot;:&quot;fadeIn&quot;,&quot;_animation_delay&quot;:200}\" data-widget_type=\"text-editor.default\">\n\t\t\t\t<div class=\"elementor-widget-container\">\n\t\t\t\t\t\t\t\t\t<p>Hier finden Sie Antworten auf h\u00e4ufig gestellte Fragen zum Thema Darlehen.<\/p>\t\t\t\t\t\t\t\t<\/div>\n\t\t\t\t<\/div>\n\t\t\t\t<\/div>\n\t\t<div class=\"elementor-element elementor-element-dd7287a e-flex e-con-boxed e-con e-child\" data-id=\"dd7287a\" data-element_type=\"container\" data-e-type=\"container\" data-settings=\"{&quot;_ha_eqh_enable&quot;:false}\">\n\t\t\t\t\t<div class=\"e-con-inner\">\n\t\t\t\t<div class=\"elementor-element elementor-element-5cf3130 elementor-invisible elementor-widget elementor-widget-jkit_accordion\" data-id=\"5cf3130\" data-element_type=\"widget\" data-e-type=\"widget\" data-settings=\"{&quot;_animation&quot;:&quot;fadeIn&quot;,&quot;_animation_delay&quot;:400}\" data-widget_type=\"jkit_accordion.default\">\n\t\t\t\t<div class=\"elementor-widget-container\">\n\t\t\t\t\t<div  class=\"jeg-elementor-kit jkit-accordion style-default jeg_module__2_6a049a1dbe86b\" ><div class=\"card-wrapper\">\n                <div class=\"card-header\">\n                    <a href=\"#expand-eb85a03\" class=\"card-header-button\" aria-expanded=\"false\" data-target=\"#expand-eb85a03\" aria-controls=\"expand-eb85a03\">\n                        <span class=\"title\">Wie beantrage ich ein Gesch\u00e4ftsdarlehen?<\/span><div class=\"right-icon-group\">\n                <div class=\"normal-icon\"><svg aria-hidden=\"true\" class=\"e-font-icon-svg e-fas-plus\" viewbox=\"0 0 448 512\" xmlns=\"http:\/\/www.w3.org\/2000\/svg\"><path d=\"M416 208H272V64c0-17.67-14.33-32-32-32h-32c-17.67 0-32 14.33-32 32v144H32c-17.67 0-32 14.33-32 32v32c0 17.67 14.33 32 32 32h144v144c0 17.67 14.33 32 32 32h32c17.67 0 32-14.33 32-32V304h144c17.67 0 32-14.33 32-32v-32c0-17.67-14.33-32-32-32z\"><\/path><\/svg><\/div>\n                <div class=\"active-icon\"><svg aria-hidden=\"true\" class=\"e-font-icon-svg e-fas-minus\" viewbox=\"0 0 448 512\" xmlns=\"http:\/\/www.w3.org\/2000\/svg\"><path d=\"M416 208H32c-17.67 0-32 14.33-32 32v32c0 17.67 14.33 32 32 32h384c17.67 0 32-14.33 32-32v-32c0-17.67-14.33-32-32-32z\"><\/path><\/svg><\/div>\n            <\/div>\n                    <\/a>\n                <\/div>\n                <div class=\"card-expand\" id=\"expand-eb85a03\" style=\"display:none\"><div class=\"card-body\"><ul><li>Bestimmen Sie Ihren Finanzbedarf<\/li><li>Bereiten Sie Ihre Finanzunterlagen wie Gesch\u00e4ftspl\u00e4ne, Bilanzen, Gewinn- und Verlustrechnungen, Steuererkl\u00e4rungen und Kontoausz\u00fcge vor<\/li><li>F\u00fcllen Sie den Kreditantrag aus<\/li><li>Warten Sie auf die Genehmigung<\/li><li>Pr\u00fcfen Sie die Darlehensbedingungen<\/li><li>Unterschreiben Sie den Darlehensvertrag<\/li><\/ul><\/div><\/div>\n            <\/div><div class=\"card-wrapper expand\">\n                <div class=\"card-header\">\n                    <a href=\"#expand-e9b6bee\" class=\"card-header-button\" aria-expanded=\"false\" data-target=\"#expand-e9b6bee\" aria-controls=\"expand-e9b6bee\">\n                        <span class=\"title\">Wie lange dauert der Prozess der Darlehensgenehmigung?<\/span><div class=\"right-icon-group\">\n                <div class=\"normal-icon\"><svg aria-hidden=\"true\" class=\"e-font-icon-svg e-fas-plus\" viewbox=\"0 0 448 512\" xmlns=\"http:\/\/www.w3.org\/2000\/svg\"><path d=\"M416 208H272V64c0-17.67-14.33-32-32-32h-32c-17.67 0-32 14.33-32 32v144H32c-17.67 0-32 14.33-32 32v32c0 17.67 14.33 32 32 32h144v144c0 17.67 14.33 32 32 32h32c17.67 0 32-14.33 32-32V304h144c17.67 0 32-14.33 32-32v-32c0-17.67-14.33-32-32-32z\"><\/path><\/svg><\/div>\n                <div class=\"active-icon\"><svg aria-hidden=\"true\" class=\"e-font-icon-svg e-fas-minus\" viewbox=\"0 0 448 512\" xmlns=\"http:\/\/www.w3.org\/2000\/svg\"><path d=\"M416 208H32c-17.67 0-32 14.33-32 32v32c0 17.67 14.33 32 32 32h384c17.67 0 32-14.33 32-32v-32c0-17.67-14.33-32-32-32z\"><\/path><\/svg><\/div>\n            <\/div>\n                    <\/a>\n                <\/div>\n                <div class=\"card-expand\" id=\"expand-e9b6bee\" style=\"display:block\"><div class=\"card-body\"><p>Wie lange es dauert, eine Kreditanfrage zu bearbeiten, h\u00e4ngt ma\u00dfgeblich mit von der Organisation d<span style=\"color: #000000\">er Kreditpr\u00fcfung in der Bank ab. Wenn die Pr\u00fcfungsprozesse manuell ablaufen, kann es je nach Auslastung der Sachbearbeitenden einige Tage dauern, bis der Kreditantrag gepr\u00fcft<\/span> und freigegeben ist. Wie schnell man einen Kredit bekommt, kann somit auch der Kreditnehmer selbst beeinflussen:\u00a0Je z\u00fcgiger er alle erforderlichen Unterlagen einreicht, umso eher kann die Bank mit der Bearbeitung des Antrags beginnen.<\/p><\/div><\/div>\n            <\/div><div class=\"card-wrapper\">\n                <div class=\"card-header\">\n                    <a href=\"#expand-c4f944b\" class=\"card-header-button\" aria-expanded=\"false\" data-target=\"#expand-c4f944b\" aria-controls=\"expand-c4f944b\">\n                        <span class=\"title\">Kann ich mehrere Darlehen gleichzeitig beantragen?<\/span><div class=\"right-icon-group\">\n                <div class=\"normal-icon\"><svg aria-hidden=\"true\" class=\"e-font-icon-svg e-fas-plus\" viewbox=\"0 0 448 512\" xmlns=\"http:\/\/www.w3.org\/2000\/svg\"><path d=\"M416 208H272V64c0-17.67-14.33-32-32-32h-32c-17.67 0-32 14.33-32 32v144H32c-17.67 0-32 14.33-32 32v32c0 17.67 14.33 32 32 32h144v144c0 17.67 14.33 32 32 32h32c17.67 0 32-14.33 32-32V304h144c17.67 0 32-14.33 32-32v-32c0-17.67-14.33-32-32-32z\"><\/path><\/svg><\/div>\n                <div class=\"active-icon\"><svg aria-hidden=\"true\" class=\"e-font-icon-svg e-fas-minus\" viewbox=\"0 0 448 512\" xmlns=\"http:\/\/www.w3.org\/2000\/svg\"><path d=\"M416 208H32c-17.67 0-32 14.33-32 32v32c0 17.67 14.33 32 32 32h384c17.67 0 32-14.33 32-32v-32c0-17.67-14.33-32-32-32z\"><\/path><\/svg><\/div>\n            <\/div>\n                    <\/a>\n                <\/div>\n                <div class=\"card-expand\" id=\"expand-c4f944b\" style=\"display:none\"><div class=\"card-body\"><p>Man kann mehrere Kredite gleichzeitig haben. Wie viele Kredite Sie haben k\u00f6nnen, h\u00e4ngt von Ihrer Bonit\u00e4t ab. Wichtig ist, dass Sie alle laufenden Kredite bedienen k\u00f6nnen.<\/p><\/div><\/div>\n            <\/div><div class=\"card-wrapper\">\n                <div class=\"card-header\">\n                    <a href=\"#expand-fdbe80e\" class=\"card-header-button\" aria-expanded=\"false\" data-target=\"#expand-fdbe80e\" aria-controls=\"expand-fdbe80e\">\n                        <span class=\"title\">Gibt es eine Vorf\u00e4lligkeitsentsch\u00e4digung f\u00fcr Gesch\u00e4ftskredite?<\/span><div class=\"right-icon-group\">\n                <div class=\"normal-icon\"><svg aria-hidden=\"true\" class=\"e-font-icon-svg e-fas-plus\" viewbox=\"0 0 448 512\" xmlns=\"http:\/\/www.w3.org\/2000\/svg\"><path d=\"M416 208H272V64c0-17.67-14.33-32-32-32h-32c-17.67 0-32 14.33-32 32v144H32c-17.67 0-32 14.33-32 32v32c0 17.67 14.33 32 32 32h144v144c0 17.67 14.33 32 32 32h32c17.67 0 32-14.33 32-32V304h144c17.67 0 32-14.33 32-32v-32c0-17.67-14.33-32-32-32z\"><\/path><\/svg><\/div>\n                <div class=\"active-icon\"><svg aria-hidden=\"true\" class=\"e-font-icon-svg e-fas-minus\" viewbox=\"0 0 448 512\" xmlns=\"http:\/\/www.w3.org\/2000\/svg\"><path d=\"M416 208H32c-17.67 0-32 14.33-32 32v32c0 17.67 14.33 32 32 32h384c17.67 0 32-14.33 32-32v-32c0-17.67-14.33-32-32-32z\"><\/path><\/svg><\/div>\n            <\/div>\n                    <\/a>\n                <\/div>\n                <div class=\"card-expand\" id=\"expand-fdbe80e\" style=\"display:none\"><div class=\"card-body\"><p>Nein. Die Vorf\u00e4lligkeitsentsch\u00e4digung ist ein Schadenersatz oder Ausgleichszahlung an die Bank, den Kreditnehmer zahlen m\u00fcssen, wenn Sie einen Kredit vorzeitig zur\u00fcckzahlen. Wir verzichten auf eine Vorf\u00e4lligkeitsentsch\u00e4digung.<\/p><\/div><\/div>\n            <\/div><\/div>\t\t\t\t<\/div>\n\t\t\t\t<\/div>\n\t\t\t\t\t<\/div>\n\t\t\t\t<\/div>\n\t\t\t\t<\/div>","protected":false},"excerpt":{"rendered":"<p>Die Vair.World unterst\u00fctzt Sie mit individuellen Finanzierungsangeboten dabei, Ihre W\u00fcnsche zu realisieren. Informieren Sie sich \u00fcber unsere Kreditangebote und finden Sie gemeinsam mit uns den passenden Kredit. 10K+ Happy Clients Fahrzeugkredite Sprechen Sie uns an! Finanzieren Sie Ihr neues Fahrzeug schnell und unkompliziert mit einem Autokredit. Sie haben das Geld innerhalb weniger Tage zur Verf\u00fcgung [&hellip;]<\/p>\n","protected":false},"author":3,"featured_media":0,"parent":0,"menu_order":0,"comment_status":"closed","ping_status":"closed","template":"elementor_header_footer","meta":{"_angie_page":false,"footnotes":""},"class_list":["post-2227","page","type-page","status-publish","hentry"],"_links":{"self":[{"href":"https:\/\/vair.world\/en\/wp-json\/wp\/v2\/pages\/2227","targetHints":{"allow":["GET"]}}],"collection":[{"href":"https:\/\/vair.world\/en\/wp-json\/wp\/v2\/pages"}],"about":[{"href":"https:\/\/vair.world\/en\/wp-json\/wp\/v2\/types\/page"}],"author":[{"embeddable":true,"href":"https:\/\/vair.world\/en\/wp-json\/wp\/v2\/users\/3"}],"replies":[{"embeddable":true,"href":"https:\/\/vair.world\/en\/wp-json\/wp\/v2\/comments?post=2227"}],"version-history":[{"count":7,"href":"https:\/\/vair.world\/en\/wp-json\/wp\/v2\/pages\/2227\/revisions"}],"predecessor-version":[{"id":2588,"href":"https:\/\/vair.world\/en\/wp-json\/wp\/v2\/pages\/2227\/revisions\/2588"}],"wp:attachment":[{"href":"https:\/\/vair.world\/en\/wp-json\/wp\/v2\/media?parent=2227"}],"curies":[{"name":"wp","href":"https:\/\/api.w.org\/{rel}","templated":true}]}}