{"id":1929,"date":"2025-01-21T14:35:45","date_gmt":"2025-01-21T13:35:45","guid":{"rendered":"https:\/\/vair.world\/?page_id=1929"},"modified":"2025-01-25T14:03:49","modified_gmt":"2025-01-25T13:03:49","slug":"fahrzeugbestand","status":"publish","type":"page","link":"https:\/\/vair.world\/en\/fahrzeugbestand\/","title":{"rendered":"Fahrzeugbestand"},"content":{"rendered":"<div data-elementor-type=\"wp-page\" data-elementor-id=\"1929\" class=\"elementor elementor-1929\" data-elementor-settings=\"{&quot;ha_cmc_init_switcher&quot;:&quot;no&quot;}\" data-elementor-post-type=\"page\">\n\t\t\t\t<div class=\"elementor-element elementor-element-384a60b7 e-con-full e-flex e-con e-parent\" data-id=\"384a60b7\" data-element_type=\"container\" data-e-type=\"container\" data-settings=\"{&quot;background_background&quot;:&quot;classic&quot;,&quot;_ha_eqh_enable&quot;:false}\">\n\t\t<div class=\"elementor-element elementor-element-7dea149d e-flex e-con-boxed e-con e-child\" data-id=\"7dea149d\" data-element_type=\"container\" data-e-type=\"container\" data-settings=\"{&quot;background_background&quot;:&quot;gradient&quot;,&quot;_ha_eqh_enable&quot;:false}\">\n\t\t\t\t\t<div class=\"e-con-inner\">\n\t\t<div class=\"elementor-element elementor-element-2a065da5 e-flex e-con-boxed e-con e-child\" data-id=\"2a065da5\" data-element_type=\"container\" data-e-type=\"container\" data-settings=\"{&quot;_ha_eqh_enable&quot;:false}\">\n\t\t\t\t\t<div class=\"e-con-inner\">\n\t\t\t\t<div class=\"elementor-element elementor-element-321283ab elementor-invisible elementor-widget elementor-widget-heading\" data-id=\"321283ab\" data-element_type=\"widget\" data-e-type=\"widget\" data-settings=\"{&quot;_animation&quot;:&quot;fadeIn&quot;}\" data-widget_type=\"heading.default\">\n\t\t\t\t<div class=\"elementor-widget-container\">\n\t\t\t\t\t<h2 class=\"elementor-heading-title elementor-size-default\">Fahrzeugbestand<\/h2>\t\t\t\t<\/div>\n\t\t\t\t<\/div>\n\t\t\t\t<div class=\"elementor-element elementor-element-24d42f70 elementor-widget__width-initial elementor-widget elementor-widget-text-editor\" data-id=\"24d42f70\" data-element_type=\"widget\" data-e-type=\"widget\" data-widget_type=\"text-editor.default\">\n\t\t\t\t<div class=\"elementor-widget-container\">\n\t\t\t\t\t\t\t\t\t<p><span style=\"font-size: medium;\">Die Vair.World unterst\u00fctzt Sie gerne beim Kauf oder Miete<\/span><\/p>\t\t\t\t\t\t\t\t<\/div>\n\t\t\t\t<\/div>\n\t\t<div class=\"elementor-element elementor-element-52d110fb e-flex e-con-boxed e-con e-child\" data-id=\"52d110fb\" data-element_type=\"container\" data-e-type=\"container\" data-settings=\"{&quot;_ha_eqh_enable&quot;:false}\">\n\t\t\t\t\t<div class=\"e-con-inner\">\n\t\t\t\t<div class=\"elementor-element elementor-element-5154567a elementor-widget__width-auto elementor-widget elementor-widget-image\" data-id=\"5154567a\" data-element_type=\"widget\" data-e-type=\"widget\" data-widget_type=\"image.default\">\n\t\t\t\t<div class=\"elementor-widget-container\">\n\t\t\t\t\t\t\t\t\t\t\t\t\t\t\t<img fetchpriority=\"high\" decoding=\"async\" width=\"300\" height=\"300\" src=\"https:\/\/vair.world\/wp-content\/uploads\/2024\/03\/pretty-secretary-ZCNGWCU.jpg\" class=\"attachment-large size-large wp-image-32\" alt=\"\" srcset=\"https:\/\/vair.world\/wp-content\/uploads\/2024\/03\/pretty-secretary-ZCNGWCU.jpg 300w, https:\/\/vair.world\/wp-content\/uploads\/2024\/03\/pretty-secretary-ZCNGWCU-150x150.jpg 150w\" sizes=\"(max-width: 300px) 100vw, 300px\" \/>\t\t\t\t\t\t\t\t\t\t\t\t\t\t\t<\/div>\n\t\t\t\t<\/div>\n\t\t\t\t<div class=\"elementor-element elementor-element-5fc656d3 elementor-widget__width-auto elementor-widget elementor-widget-image\" data-id=\"5fc656d3\" data-element_type=\"widget\" data-e-type=\"widget\" data-widget_type=\"image.default\">\n\t\t\t\t<div class=\"elementor-widget-container\">\n\t\t\t\t\t\t\t\t\t\t\t\t\t\t\t<img decoding=\"async\" width=\"300\" height=\"300\" src=\"https:\/\/vair.world\/wp-content\/uploads\/2024\/03\/proud-positive-successful-caucasian-bearded-busine-UX33FLQ.jpg\" class=\"attachment-large size-large wp-image-33\" alt=\"\" srcset=\"https:\/\/vair.world\/wp-content\/uploads\/2024\/03\/proud-positive-successful-caucasian-bearded-busine-UX33FLQ.jpg 300w, https:\/\/vair.world\/wp-content\/uploads\/2024\/03\/proud-positive-successful-caucasian-bearded-busine-UX33FLQ-150x150.jpg 150w\" sizes=\"(max-width: 300px) 100vw, 300px\" \/>\t\t\t\t\t\t\t\t\t\t\t\t\t\t\t<\/div>\n\t\t\t\t<\/div>\n\t\t\t\t<div class=\"elementor-element elementor-element-3b056b86 elementor-widget__width-auto elementor-widget elementor-widget-image\" data-id=\"3b056b86\" data-element_type=\"widget\" data-e-type=\"widget\" data-widget_type=\"image.default\">\n\t\t\t\t<div class=\"elementor-widget-container\">\n\t\t\t\t\t\t\t\t\t\t\t\t\t\t\t<img decoding=\"async\" width=\"160\" height=\"160\" src=\"https:\/\/vair.world\/wp-content\/uploads\/2024\/03\/testimonial-83S5W35.jpg\" class=\"attachment-large size-large wp-image-34\" alt=\"\" srcset=\"https:\/\/vair.world\/wp-content\/uploads\/2024\/03\/testimonial-83S5W35.jpg 160w, https:\/\/vair.world\/wp-content\/uploads\/2024\/03\/testimonial-83S5W35-150x150.jpg 150w\" sizes=\"(max-width: 160px) 100vw, 160px\" \/>\t\t\t\t\t\t\t\t\t\t\t\t\t\t\t<\/div>\n\t\t\t\t<\/div>\n\t\t\t\t<div class=\"elementor-element elementor-element-7adacbc elementor-widget__width-auto elementor-widget-mobile__width-inherit elementor-widget elementor-widget-jkit_heading\" data-id=\"7adacbc\" data-element_type=\"widget\" data-e-type=\"widget\" data-widget_type=\"jkit_heading.default\">\n\t\t\t\t<div class=\"elementor-widget-container\">\n\t\t\t\t\t<div  class=\"jeg-elementor-kit jkit-heading  align-left align-tablet-center align-mobile-center jeg_module___6a04931a029ca\" ><div class=\"heading-section-title  display-inline-block\"><h3 class=\"heading-title\"><span class=\"style-color\"><span>10K+ <\/span><\/span> Happy Clients<\/h3><\/div><\/div>\t\t\t\t<\/div>\n\t\t\t\t<\/div>\n\t\t\t\t\t<\/div>\n\t\t\t\t<\/div>\n\t\t\t\t\t<\/div>\n\t\t\t\t<\/div>\n\t\t\t\t\t<\/div>\n\t\t\t\t<\/div>\n\t\t\t\t<\/div>\n\t\t<div class=\"elementor-element elementor-element-8f9b2d7 e-flex e-con-boxed e-con e-parent\" data-id=\"8f9b2d7\" data-element_type=\"container\" data-e-type=\"container\" data-settings=\"{&quot;_ha_eqh_enable&quot;:false}\">\n\t\t\t\t\t<div class=\"e-con-inner\">\n\t\t\t\t\t<\/div>\n\t\t\t\t<\/div>\n\t\t\t\t<\/div>","protected":false},"excerpt":{"rendered":"<p>Die Vair.World unterst\u00fctzt Sie gerne beim Kauf oder Miete 10K+ Happy Clients Vermarktungsart Kaufen &amp; MietenKauf Suchfeld Preis \u2013 Hersteller Hersteller ausw\u00e4hlenBMWMercedesRenaultVolkswagen (VW) Fahrzeugmodell Modell ausw\u00e4hlen &#8203; Suchen Verf\u00fcgbarKauf Mercedes Benz Sprinter 317 CDI Maxi Mixto BarlebenKaufpreis 60.900 \u20ac<\/p>","protected":false},"author":1,"featured_media":0,"parent":0,"menu_order":0,"comment_status":"closed","ping_status":"closed","template":"elementor_header_footer","meta":{"_angie_page":false,"footnotes":""},"class_list":["post-1929","page","type-page","status-publish","hentry"],"_links":{"self":[{"href":"https:\/\/vair.world\/en\/wp-json\/wp\/v2\/pages\/1929","targetHints":{"allow":["GET"]}}],"collection":[{"href":"https:\/\/vair.world\/en\/wp-json\/wp\/v2\/pages"}],"about":[{"href":"https:\/\/vair.world\/en\/wp-json\/wp\/v2\/types\/page"}],"author":[{"embeddable":true,"href":"https:\/\/vair.world\/en\/wp-json\/wp\/v2\/users\/1"}],"replies":[{"embeddable":true,"href":"https:\/\/vair.world\/en\/wp-json\/wp\/v2\/comments?post=1929"}],"version-history":[{"count":100,"href":"https:\/\/vair.world\/en\/wp-json\/wp\/v2\/pages\/1929\/revisions"}],"predecessor-version":[{"id":2136,"href":"https:\/\/vair.world\/en\/wp-json\/wp\/v2\/pages\/1929\/revisions\/2136"}],"wp:attachment":[{"href":"https:\/\/vair.world\/en\/wp-json\/wp\/v2\/media?parent=1929"}],"curies":[{"name":"wp","href":"https:\/\/api.w.org\/{rel}","templated":true}]}}