{"id":1352,"date":"2024-04-19T10:13:51","date_gmt":"2024-04-19T08:13:51","guid":{"rendered":"https:\/\/vair.anic-web.de\/?page_id=1352"},"modified":"2024-04-22T12:40:07","modified_gmt":"2024-04-22T10:40:07","slug":"vair-buchhaltung","status":"publish","type":"page","link":"https:\/\/vair.world\/en\/vair-buchhaltung\/","title":{"rendered":"Buchhaltung"},"content":{"rendered":"<div data-elementor-type=\"wp-page\" data-elementor-id=\"1352\" class=\"elementor elementor-1352\" data-elementor-settings=\"{&quot;ha_cmc_init_switcher&quot;:&quot;no&quot;}\" data-elementor-post-type=\"page\">\n\t\t\t\t<div class=\"elementor-element elementor-element-fd87da2 e-con-full e-flex e-con e-parent\" data-id=\"fd87da2\" data-element_type=\"container\" data-e-type=\"container\" data-settings=\"{&quot;background_background&quot;:&quot;classic&quot;,&quot;_ha_eqh_enable&quot;:false}\">\n\t\t<div class=\"elementor-element elementor-element-25803a8 e-flex e-con-boxed e-con e-child\" data-id=\"25803a8\" data-element_type=\"container\" data-e-type=\"container\" data-settings=\"{&quot;background_background&quot;:&quot;gradient&quot;,&quot;_ha_eqh_enable&quot;:false}\">\n\t\t\t\t\t<div class=\"e-con-inner\">\n\t\t<div class=\"elementor-element elementor-element-dc70f20 e-flex e-con-boxed e-con e-child\" data-id=\"dc70f20\" data-element_type=\"container\" data-e-type=\"container\" data-settings=\"{&quot;_ha_eqh_enable&quot;:false}\">\n\t\t\t\t\t<div class=\"e-con-inner\">\n\t\t\t\t<div class=\"elementor-element elementor-element-c22f607 elementor-invisible elementor-widget elementor-widget-heading\" data-id=\"c22f607\" data-element_type=\"widget\" data-e-type=\"widget\" data-settings=\"{&quot;_animation&quot;:&quot;fadeIn&quot;}\" data-widget_type=\"heading.default\">\n\t\t\t\t<div class=\"elementor-widget-container\">\n\t\t\t\t\t<h2 class=\"elementor-heading-title elementor-size-default\">Buchhaltung<\/h2>\t\t\t\t<\/div>\n\t\t\t\t<\/div>\n\t\t\t\t<div class=\"elementor-element elementor-element-e03e83f elementor-widget__width-initial elementor-widget elementor-widget-text-editor\" data-id=\"e03e83f\" data-element_type=\"widget\" data-e-type=\"widget\" data-widget_type=\"text-editor.default\">\n\t\t\t\t<div class=\"elementor-widget-container\">\n\t\t\t\t\t\t\t\t\t<p>Ob Buchhaltung* oder B\u00fcroservice \u2013 Wir bringen Ordnung in Ihre Unterlagen und befreien Sie von l\u00e4stigen b\u00fcrokratischen Aufgaben.<\/p>\t\t\t\t\t\t\t\t<\/div>\n\t\t\t\t<\/div>\n\t\t\t\t\t<\/div>\n\t\t\t\t<\/div>\n\t\t\t\t\t<\/div>\n\t\t\t\t<\/div>\n\t\t\t\t<\/div>\n\t\t<div class=\"elementor-element elementor-element-94d0d22 e-flex e-con-boxed e-con e-parent\" data-id=\"94d0d22\" data-element_type=\"container\" data-e-type=\"container\" data-settings=\"{&quot;_ha_eqh_enable&quot;:false}\">\n\t\t\t\t\t<div class=\"e-con-inner\">\n\t\t\t\t<div class=\"elementor-element elementor-element-71786d0 elementor-widget elementor-widget-menu-anchor\" data-id=\"71786d0\" data-element_type=\"widget\" data-e-type=\"widget\" data-widget_type=\"menu-anchor.default\">\n\t\t\t\t<div class=\"elementor-widget-container\">\n\t\t\t\t\t\t\t<div class=\"elementor-menu-anchor\" id=\"finanzierung\"><\/div>\n\t\t\t\t\t\t<\/div>\n\t\t\t\t<\/div>\n\t\t\t\t<div class=\"elementor-element elementor-element-ca31ae5 elementor-widget elementor-widget-heading\" data-id=\"ca31ae5\" data-element_type=\"widget\" data-e-type=\"widget\" data-widget_type=\"heading.default\">\n\t\t\t\t<div class=\"elementor-widget-container\">\n\t\t\t\t\t<h2 class=\"elementor-heading-title elementor-size-default\">Vair.Buchhaltung<\/h2>\t\t\t\t<\/div>\n\t\t\t\t<\/div>\n\t\t\t\t<div class=\"elementor-element elementor-element-5486fbd elementor-widget elementor-widget-text-editor\" data-id=\"5486fbd\" data-element_type=\"widget\" data-e-type=\"widget\" data-widget_type=\"text-editor.default\">\n\t\t\t\t<div class=\"elementor-widget-container\">\n\t\t\t\t\t\t\t\t\t<h4>Nachfolgend ein Auszug unserer Leistungen:<\/h4>\t\t\t\t\t\t\t\t<\/div>\n\t\t\t\t<\/div>\n\t\t<div class=\"elementor-element elementor-element-d25fb09 e-flex e-con-boxed e-con e-child\" data-id=\"d25fb09\" data-element_type=\"container\" data-e-type=\"container\" data-settings=\"{&quot;_ha_eqh_enable&quot;:false}\">\n\t\t\t\t\t<div class=\"e-con-inner\">\n\t\t<div class=\"elementor-element elementor-element-ecc536d e-con-full e-flex e-con e-child\" data-id=\"ecc536d\" data-element_type=\"container\" data-e-type=\"container\" data-settings=\"{&quot;background_background&quot;:&quot;classic&quot;,&quot;_ha_eqh_enable&quot;:false}\">\n\t\t\t\t<div class=\"elementor-element elementor-element-f256a59 elementor-widget elementor-widget-jkit_feature_list\" data-id=\"f256a59\" data-element_type=\"widget\" data-e-type=\"widget\" data-widget_type=\"jkit_feature_list.default\">\n\t\t\t\t<div class=\"elementor-widget-container\">\n\t\t\t\t\t<div  class=\"jeg-elementor-kit jkit-feature-list icon-position-left icon-position-left icon-position-left jeg_module___6a04d1c15d484\" ><ul class=\"feature-list-items shape-circle shape-view-framed connector-type-classic\"><li class=\"feature-list-item elementor-repeater-item-eb677d4\">\n\t\t\t\t<span class=\"connector\"><\/span>\n\t\t\t\t<div class=\"feature-list-icon-box\">\n\t\t\t\t\t<div class=\"feature-list-icon-inner\">\n\t\t\t\t\t\t<span class=\"feature-list-icon\">\n\t\t\t\t\t\t\t<svg xmlns=\"http:\/\/www.w3.org\/2000\/svg\" xmlns:xlink=\"http:\/\/www.w3.org\/1999\/xlink\" xmlns:serif=\"http:\/\/www.serif.com\/\" width=\"100%\" height=\"100%\" viewbox=\"0 0 125 154\" xml:space=\"preserve\" style=\"fill-rule:evenodd;clip-rule:evenodd;stroke-linejoin:round;stroke-miterlimit:2;\"><path id=\"path10\" d=\"M117.644,7.135l-62.93,79.567c-8.182,10.344 -21.327,10.25 -29.36,-0.208l-16.715,-21.758c-8.033,-10.456 -10.995,-8.854 -6.613,3.586l26.502,75.237c4.383,12.437 13.016,13.114 19.286,1.513l73.293,-135.657c6.269,-11.601 4.719,-12.621 -3.463,-2.28Zm-35.676,66.447l-38.864,71.933c-3.324,6.153 -7.901,5.791 -10.225,-0.805l-14.053,-39.893c-2.324,-6.594 -0.754,-7.446 3.506,-1.901l8.863,11.536c4.26,5.547 11.231,5.594 15.568,0.109l33.369,-42.187c4.339,-5.484 5.16,-4.943 1.836,1.208\" style=\"fill:#b59a44;fill-rule:nonzero;\"><\/path><\/svg>\n\t\t\t\t\t\t<\/span>\n\t\t\t\t\t<\/div>\n\t\t\t\t<\/div>\n\t\t\t\t<div class=\"feature-list-content-box\">\n\t\t\t\t\t<h3 class=\"feature-list-title\">Erfassen lfd. Gesch\u00e4ftsvorf\u00e4lle<\/h3>\n\t\t\t\t<\/div>\n\t\t\t<\/li><li class=\"feature-list-item elementor-repeater-item-844168f\">\n\t\t\t\t<span class=\"connector\"><\/span>\n\t\t\t\t<div class=\"feature-list-icon-box\">\n\t\t\t\t\t<div class=\"feature-list-icon-inner\">\n\t\t\t\t\t\t<span class=\"feature-list-icon\">\n\t\t\t\t\t\t\t<svg xmlns=\"http:\/\/www.w3.org\/2000\/svg\" xmlns:xlink=\"http:\/\/www.w3.org\/1999\/xlink\" xmlns:serif=\"http:\/\/www.serif.com\/\" width=\"100%\" height=\"100%\" viewbox=\"0 0 125 154\" xml:space=\"preserve\" style=\"fill-rule:evenodd;clip-rule:evenodd;stroke-linejoin:round;stroke-miterlimit:2;\"><path id=\"path10\" d=\"M117.644,7.135l-62.93,79.567c-8.182,10.344 -21.327,10.25 -29.36,-0.208l-16.715,-21.758c-8.033,-10.456 -10.995,-8.854 -6.613,3.586l26.502,75.237c4.383,12.437 13.016,13.114 19.286,1.513l73.293,-135.657c6.269,-11.601 4.719,-12.621 -3.463,-2.28Zm-35.676,66.447l-38.864,71.933c-3.324,6.153 -7.901,5.791 -10.225,-0.805l-14.053,-39.893c-2.324,-6.594 -0.754,-7.446 3.506,-1.901l8.863,11.536c4.26,5.547 11.231,5.594 15.568,0.109l33.369,-42.187c4.339,-5.484 5.16,-4.943 1.836,1.208\" style=\"fill:#b59a44;fill-rule:nonzero;\"><\/path><\/svg>\n\t\t\t\t\t\t<\/span>\n\t\t\t\t\t<\/div>\n\t\t\t\t<\/div>\n\t\t\t\t<div class=\"feature-list-content-box\">\n\t\t\t\t\t<h3 class=\"feature-list-title\">Verwalten von offenen Posten<\/h3>\n\t\t\t\t<\/div>\n\t\t\t<\/li><li class=\"feature-list-item elementor-repeater-item-3653eeb\">\n\t\t\t\t<span class=\"connector\"><\/span>\n\t\t\t\t<div class=\"feature-list-icon-box\">\n\t\t\t\t\t<div class=\"feature-list-icon-inner\">\n\t\t\t\t\t\t<span class=\"feature-list-icon\">\n\t\t\t\t\t\t\t<svg xmlns=\"http:\/\/www.w3.org\/2000\/svg\" xmlns:xlink=\"http:\/\/www.w3.org\/1999\/xlink\" xmlns:serif=\"http:\/\/www.serif.com\/\" width=\"100%\" height=\"100%\" viewbox=\"0 0 125 154\" xml:space=\"preserve\" style=\"fill-rule:evenodd;clip-rule:evenodd;stroke-linejoin:round;stroke-miterlimit:2;\"><path id=\"path10\" d=\"M117.644,7.135l-62.93,79.567c-8.182,10.344 -21.327,10.25 -29.36,-0.208l-16.715,-21.758c-8.033,-10.456 -10.995,-8.854 -6.613,3.586l26.502,75.237c4.383,12.437 13.016,13.114 19.286,1.513l73.293,-135.657c6.269,-11.601 4.719,-12.621 -3.463,-2.28Zm-35.676,66.447l-38.864,71.933c-3.324,6.153 -7.901,5.791 -10.225,-0.805l-14.053,-39.893c-2.324,-6.594 -0.754,-7.446 3.506,-1.901l8.863,11.536c4.26,5.547 11.231,5.594 15.568,0.109l33.369,-42.187c4.339,-5.484 5.16,-4.943 1.836,1.208\" style=\"fill:#b59a44;fill-rule:nonzero;\"><\/path><\/svg>\n\t\t\t\t\t\t<\/span>\n\t\t\t\t\t<\/div>\n\t\t\t\t<\/div>\n\t\t\t\t<div class=\"feature-list-content-box\">\n\t\t\t\t\t<h3 class=\"feature-list-title\">Mahnwesen<\/h3>\n\t\t\t\t<\/div>\n\t\t\t<\/li><li class=\"feature-list-item elementor-repeater-item-980e1c2\">\n\t\t\t\t<span class=\"connector\"><\/span>\n\t\t\t\t<div class=\"feature-list-icon-box\">\n\t\t\t\t\t<div class=\"feature-list-icon-inner\">\n\t\t\t\t\t\t<span class=\"feature-list-icon\">\n\t\t\t\t\t\t\t<svg xmlns=\"http:\/\/www.w3.org\/2000\/svg\" xmlns:xlink=\"http:\/\/www.w3.org\/1999\/xlink\" xmlns:serif=\"http:\/\/www.serif.com\/\" width=\"100%\" height=\"100%\" viewbox=\"0 0 125 154\" xml:space=\"preserve\" style=\"fill-rule:evenodd;clip-rule:evenodd;stroke-linejoin:round;stroke-miterlimit:2;\"><path id=\"path10\" d=\"M117.644,7.135l-62.93,79.567c-8.182,10.344 -21.327,10.25 -29.36,-0.208l-16.715,-21.758c-8.033,-10.456 -10.995,-8.854 -6.613,3.586l26.502,75.237c4.383,12.437 13.016,13.114 19.286,1.513l73.293,-135.657c6.269,-11.601 4.719,-12.621 -3.463,-2.28Zm-35.676,66.447l-38.864,71.933c-3.324,6.153 -7.901,5.791 -10.225,-0.805l-14.053,-39.893c-2.324,-6.594 -0.754,-7.446 3.506,-1.901l8.863,11.536c4.26,5.547 11.231,5.594 15.568,0.109l33.369,-42.187c4.339,-5.484 5.16,-4.943 1.836,1.208\" style=\"fill:#b59a44;fill-rule:nonzero;\"><\/path><\/svg>\n\t\t\t\t\t\t<\/span>\n\t\t\t\t\t<\/div>\n\t\t\t\t<\/div>\n\t\t\t\t<div class=\"feature-list-content-box\">\n\t\t\t\t\t<h3 class=\"feature-list-title\">Abwickeln des Zahlungsverkehrs<\/h3>\n\t\t\t\t<\/div>\n\t\t\t<\/li><li class=\"feature-list-item elementor-repeater-item-65df6b5\">\n\t\t\t\t<span class=\"connector\"><\/span>\n\t\t\t\t<div class=\"feature-list-icon-box\">\n\t\t\t\t\t<div class=\"feature-list-icon-inner\">\n\t\t\t\t\t\t<span class=\"feature-list-icon\">\n\t\t\t\t\t\t\t<svg xmlns=\"http:\/\/www.w3.org\/2000\/svg\" xmlns:xlink=\"http:\/\/www.w3.org\/1999\/xlink\" xmlns:serif=\"http:\/\/www.serif.com\/\" width=\"100%\" height=\"100%\" viewbox=\"0 0 125 154\" xml:space=\"preserve\" style=\"fill-rule:evenodd;clip-rule:evenodd;stroke-linejoin:round;stroke-miterlimit:2;\"><path id=\"path10\" d=\"M117.644,7.135l-62.93,79.567c-8.182,10.344 -21.327,10.25 -29.36,-0.208l-16.715,-21.758c-8.033,-10.456 -10.995,-8.854 -6.613,3.586l26.502,75.237c4.383,12.437 13.016,13.114 19.286,1.513l73.293,-135.657c6.269,-11.601 4.719,-12.621 -3.463,-2.28Zm-35.676,66.447l-38.864,71.933c-3.324,6.153 -7.901,5.791 -10.225,-0.805l-14.053,-39.893c-2.324,-6.594 -0.754,-7.446 3.506,-1.901l8.863,11.536c4.26,5.547 11.231,5.594 15.568,0.109l33.369,-42.187c4.339,-5.484 5.16,-4.943 1.836,1.208\" style=\"fill:#b59a44;fill-rule:nonzero;\"><\/path><\/svg>\n\t\t\t\t\t\t<\/span>\n\t\t\t\t\t<\/div>\n\t\t\t\t<\/div>\n\t\t\t\t<div class=\"feature-list-content-box\">\n\t\t\t\t\t<h3 class=\"feature-list-title\">Abrechnen von Reisekosten<\/h3>\n\t\t\t\t<\/div>\n\t\t\t<\/li><li class=\"feature-list-item elementor-repeater-item-d98be10\">\n\t\t\t\t<span class=\"connector\"><\/span>\n\t\t\t\t<div class=\"feature-list-icon-box\">\n\t\t\t\t\t<div class=\"feature-list-icon-inner\">\n\t\t\t\t\t\t<span class=\"feature-list-icon\">\n\t\t\t\t\t\t\t<svg xmlns=\"http:\/\/www.w3.org\/2000\/svg\" xmlns:xlink=\"http:\/\/www.w3.org\/1999\/xlink\" xmlns:serif=\"http:\/\/www.serif.com\/\" width=\"100%\" height=\"100%\" viewbox=\"0 0 125 154\" xml:space=\"preserve\" style=\"fill-rule:evenodd;clip-rule:evenodd;stroke-linejoin:round;stroke-miterlimit:2;\"><path id=\"path10\" d=\"M117.644,7.135l-62.93,79.567c-8.182,10.344 -21.327,10.25 -29.36,-0.208l-16.715,-21.758c-8.033,-10.456 -10.995,-8.854 -6.613,3.586l26.502,75.237c4.383,12.437 13.016,13.114 19.286,1.513l73.293,-135.657c6.269,-11.601 4.719,-12.621 -3.463,-2.28Zm-35.676,66.447l-38.864,71.933c-3.324,6.153 -7.901,5.791 -10.225,-0.805l-14.053,-39.893c-2.324,-6.594 -0.754,-7.446 3.506,-1.901l8.863,11.536c4.26,5.547 11.231,5.594 15.568,0.109l33.369,-42.187c4.339,-5.484 5.16,-4.943 1.836,1.208\" style=\"fill:#b59a44;fill-rule:nonzero;\"><\/path><\/svg>\n\t\t\t\t\t\t<\/span>\n\t\t\t\t\t<\/div>\n\t\t\t\t<\/div>\n\t\t\t\t<div class=\"feature-list-content-box\">\n\t\t\t\t\t<h3 class=\"feature-list-title\">Erstellen von Lohnabrechnungen<\/h3>\n\t\t\t\t<\/div>\n\t\t\t<\/li><li class=\"feature-list-item elementor-repeater-item-af8c562\">\n\t\t\t\t<span class=\"connector\"><\/span>\n\t\t\t\t<div class=\"feature-list-icon-box\">\n\t\t\t\t\t<div class=\"feature-list-icon-inner\">\n\t\t\t\t\t\t<span class=\"feature-list-icon\">\n\t\t\t\t\t\t\t<svg xmlns=\"http:\/\/www.w3.org\/2000\/svg\" xmlns:xlink=\"http:\/\/www.w3.org\/1999\/xlink\" xmlns:serif=\"http:\/\/www.serif.com\/\" width=\"100%\" height=\"100%\" viewbox=\"0 0 125 154\" xml:space=\"preserve\" style=\"fill-rule:evenodd;clip-rule:evenodd;stroke-linejoin:round;stroke-miterlimit:2;\"><path id=\"path10\" d=\"M117.644,7.135l-62.93,79.567c-8.182,10.344 -21.327,10.25 -29.36,-0.208l-16.715,-21.758c-8.033,-10.456 -10.995,-8.854 -6.613,3.586l26.502,75.237c4.383,12.437 13.016,13.114 19.286,1.513l73.293,-135.657c6.269,-11.601 4.719,-12.621 -3.463,-2.28Zm-35.676,66.447l-38.864,71.933c-3.324,6.153 -7.901,5.791 -10.225,-0.805l-14.053,-39.893c-2.324,-6.594 -0.754,-7.446 3.506,-1.901l8.863,11.536c4.26,5.547 11.231,5.594 15.568,0.109l33.369,-42.187c4.339,-5.484 5.16,-4.943 1.836,1.208\" style=\"fill:#b59a44;fill-rule:nonzero;\"><\/path><\/svg>\n\t\t\t\t\t\t<\/span>\n\t\t\t\t\t<\/div>\n\t\t\t\t<\/div>\n\t\t\t\t<div class=\"feature-list-content-box\">\n\t\t\t\t\t<h3 class=\"feature-list-title\">B\u00fcroorganisation<\/h3>\n\t\t\t\t<\/div>\n\t\t\t<\/li><li class=\"feature-list-item elementor-repeater-item-ba0d459\">\n\t\t\t\t<span class=\"connector\"><\/span>\n\t\t\t\t<div class=\"feature-list-icon-box\">\n\t\t\t\t\t<div class=\"feature-list-icon-inner\">\n\t\t\t\t\t\t<span class=\"feature-list-icon\">\n\t\t\t\t\t\t\t<svg xmlns=\"http:\/\/www.w3.org\/2000\/svg\" xmlns:xlink=\"http:\/\/www.w3.org\/1999\/xlink\" xmlns:serif=\"http:\/\/www.serif.com\/\" width=\"100%\" height=\"100%\" viewbox=\"0 0 125 154\" xml:space=\"preserve\" style=\"fill-rule:evenodd;clip-rule:evenodd;stroke-linejoin:round;stroke-miterlimit:2;\"><path id=\"path10\" d=\"M117.644,7.135l-62.93,79.567c-8.182,10.344 -21.327,10.25 -29.36,-0.208l-16.715,-21.758c-8.033,-10.456 -10.995,-8.854 -6.613,3.586l26.502,75.237c4.383,12.437 13.016,13.114 19.286,1.513l73.293,-135.657c6.269,-11.601 4.719,-12.621 -3.463,-2.28Zm-35.676,66.447l-38.864,71.933c-3.324,6.153 -7.901,5.791 -10.225,-0.805l-14.053,-39.893c-2.324,-6.594 -0.754,-7.446 3.506,-1.901l8.863,11.536c4.26,5.547 11.231,5.594 15.568,0.109l33.369,-42.187c4.339,-5.484 5.16,-4.943 1.836,1.208\" style=\"fill:#b59a44;fill-rule:nonzero;\"><\/path><\/svg>\n\t\t\t\t\t\t<\/span>\n\t\t\t\t\t<\/div>\n\t\t\t\t<\/div>\n\t\t\t\t<div class=\"feature-list-content-box\">\n\t\t\t\t\t<h3 class=\"feature-list-title\">Individuelle B\u00fcroassistenz<\/h3>\n\t\t\t\t<\/div>\n\t\t\t<\/li><li class=\"feature-list-item elementor-repeater-item-2b24ae7\">\n\t\t\t\t<span class=\"connector\"><\/span>\n\t\t\t\t<div class=\"feature-list-icon-box\">\n\t\t\t\t\t<div class=\"feature-list-icon-inner\">\n\t\t\t\t\t\t<span class=\"feature-list-icon\">\n\t\t\t\t\t\t\t<svg xmlns=\"http:\/\/www.w3.org\/2000\/svg\" xmlns:xlink=\"http:\/\/www.w3.org\/1999\/xlink\" xmlns:serif=\"http:\/\/www.serif.com\/\" width=\"100%\" height=\"100%\" viewbox=\"0 0 125 154\" xml:space=\"preserve\" style=\"fill-rule:evenodd;clip-rule:evenodd;stroke-linejoin:round;stroke-miterlimit:2;\"><path id=\"path10\" d=\"M117.644,7.135l-62.93,79.567c-8.182,10.344 -21.327,10.25 -29.36,-0.208l-16.715,-21.758c-8.033,-10.456 -10.995,-8.854 -6.613,3.586l26.502,75.237c4.383,12.437 13.016,13.114 19.286,1.513l73.293,-135.657c6.269,-11.601 4.719,-12.621 -3.463,-2.28Zm-35.676,66.447l-38.864,71.933c-3.324,6.153 -7.901,5.791 -10.225,-0.805l-14.053,-39.893c-2.324,-6.594 -0.754,-7.446 3.506,-1.901l8.863,11.536c4.26,5.547 11.231,5.594 15.568,0.109l33.369,-42.187c4.339,-5.484 5.16,-4.943 1.836,1.208\" style=\"fill:#b59a44;fill-rule:nonzero;\"><\/path><\/svg>\n\t\t\t\t\t\t<\/span>\n\t\t\t\t\t<\/div>\n\t\t\t\t<\/div>\n\t\t\t\t<div class=\"feature-list-content-box\">\n\t\t\t\t\t<h3 class=\"feature-list-title\">Administrative Verwaltungst\u00e4tigkeiten<\/h3>\n\t\t\t\t<\/div>\n\t\t\t<\/li><li class=\"feature-list-item elementor-repeater-item-ff2116d\">\n\t\t\t\t<span class=\"connector\"><\/span>\n\t\t\t\t<div class=\"feature-list-icon-box\">\n\t\t\t\t\t<div class=\"feature-list-icon-inner\">\n\t\t\t\t\t\t<span class=\"feature-list-icon\">\n\t\t\t\t\t\t\t<svg xmlns=\"http:\/\/www.w3.org\/2000\/svg\" xmlns:xlink=\"http:\/\/www.w3.org\/1999\/xlink\" xmlns:serif=\"http:\/\/www.serif.com\/\" width=\"100%\" height=\"100%\" viewbox=\"0 0 125 154\" xml:space=\"preserve\" style=\"fill-rule:evenodd;clip-rule:evenodd;stroke-linejoin:round;stroke-miterlimit:2;\"><path id=\"path10\" d=\"M117.644,7.135l-62.93,79.567c-8.182,10.344 -21.327,10.25 -29.36,-0.208l-16.715,-21.758c-8.033,-10.456 -10.995,-8.854 -6.613,3.586l26.502,75.237c4.383,12.437 13.016,13.114 19.286,1.513l73.293,-135.657c6.269,-11.601 4.719,-12.621 -3.463,-2.28Zm-35.676,66.447l-38.864,71.933c-3.324,6.153 -7.901,5.791 -10.225,-0.805l-14.053,-39.893c-2.324,-6.594 -0.754,-7.446 3.506,-1.901l8.863,11.536c4.26,5.547 11.231,5.594 15.568,0.109l33.369,-42.187c4.339,-5.484 5.16,-4.943 1.836,1.208\" style=\"fill:#b59a44;fill-rule:nonzero;\"><\/path><\/svg>\n\t\t\t\t\t\t<\/span>\n\t\t\t\t\t<\/div>\n\t\t\t\t<\/div>\n\t\t\t\t<div class=\"feature-list-content-box\">\n\t\t\t\t\t<h3 class=\"feature-list-title\">Schreibservice &amp; Datenerfassung<\/h3>\n\t\t\t\t<\/div>\n\t\t\t<\/li><li class=\"feature-list-item elementor-repeater-item-3d4315d\">\n\t\t\t\t<span class=\"connector\"><\/span>\n\t\t\t\t<div class=\"feature-list-icon-box\">\n\t\t\t\t\t<div class=\"feature-list-icon-inner\">\n\t\t\t\t\t\t<span class=\"feature-list-icon\">\n\t\t\t\t\t\t\t<svg xmlns=\"http:\/\/www.w3.org\/2000\/svg\" xmlns:xlink=\"http:\/\/www.w3.org\/1999\/xlink\" xmlns:serif=\"http:\/\/www.serif.com\/\" width=\"100%\" height=\"100%\" viewbox=\"0 0 125 154\" xml:space=\"preserve\" style=\"fill-rule:evenodd;clip-rule:evenodd;stroke-linejoin:round;stroke-miterlimit:2;\"><path id=\"path10\" d=\"M117.644,7.135l-62.93,79.567c-8.182,10.344 -21.327,10.25 -29.36,-0.208l-16.715,-21.758c-8.033,-10.456 -10.995,-8.854 -6.613,3.586l26.502,75.237c4.383,12.437 13.016,13.114 19.286,1.513l73.293,-135.657c6.269,-11.601 4.719,-12.621 -3.463,-2.28Zm-35.676,66.447l-38.864,71.933c-3.324,6.153 -7.901,5.791 -10.225,-0.805l-14.053,-39.893c-2.324,-6.594 -0.754,-7.446 3.506,-1.901l8.863,11.536c4.26,5.547 11.231,5.594 15.568,0.109l33.369,-42.187c4.339,-5.484 5.16,-4.943 1.836,1.208\" style=\"fill:#b59a44;fill-rule:nonzero;\"><\/path><\/svg>\n\t\t\t\t\t\t<\/span>\n\t\t\t\t\t<\/div>\n\t\t\t\t<\/div>\n\t\t\t\t<div class=\"feature-list-content-box\">\n\t\t\t\t\t<h3 class=\"feature-list-title\">Erledigen von Beh\u00f6rdeng\u00e4ngen<\/h3>\n\t\t\t\t<\/div>\n\t\t\t<\/li><li class=\"feature-list-item elementor-repeater-item-ec43fe5\">\n\t\t\t\t<span class=\"connector\"><\/span>\n\t\t\t\t<div class=\"feature-list-icon-box\">\n\t\t\t\t\t<div class=\"feature-list-icon-inner\">\n\t\t\t\t\t\t<span class=\"feature-list-icon\">\n\t\t\t\t\t\t\t<svg xmlns=\"http:\/\/www.w3.org\/2000\/svg\" xmlns:xlink=\"http:\/\/www.w3.org\/1999\/xlink\" xmlns:serif=\"http:\/\/www.serif.com\/\" width=\"100%\" height=\"100%\" viewbox=\"0 0 125 154\" xml:space=\"preserve\" style=\"fill-rule:evenodd;clip-rule:evenodd;stroke-linejoin:round;stroke-miterlimit:2;\"><path id=\"path10\" d=\"M117.644,7.135l-62.93,79.567c-8.182,10.344 -21.327,10.25 -29.36,-0.208l-16.715,-21.758c-8.033,-10.456 -10.995,-8.854 -6.613,3.586l26.502,75.237c4.383,12.437 13.016,13.114 19.286,1.513l73.293,-135.657c6.269,-11.601 4.719,-12.621 -3.463,-2.28Zm-35.676,66.447l-38.864,71.933c-3.324,6.153 -7.901,5.791 -10.225,-0.805l-14.053,-39.893c-2.324,-6.594 -0.754,-7.446 3.506,-1.901l8.863,11.536c4.26,5.547 11.231,5.594 15.568,0.109l33.369,-42.187c4.339,-5.484 5.16,-4.943 1.836,1.208\" style=\"fill:#b59a44;fill-rule:nonzero;\"><\/path><\/svg>\n\t\t\t\t\t\t<\/span>\n\t\t\t\t\t<\/div>\n\t\t\t\t<\/div>\n\t\t\t\t<div class=\"feature-list-content-box\">\n\t\t\t\t\t<h3 class=\"feature-list-title\">Ausf\u00fcllen amtlicher Antr\u00e4ge<\/h3>\n\t\t\t\t<\/div>\n\t\t\t<\/li><li class=\"feature-list-item elementor-repeater-item-8cd56ab\">\n\t\t\t\t<span class=\"connector\"><\/span>\n\t\t\t\t<div class=\"feature-list-icon-box\">\n\t\t\t\t\t<div class=\"feature-list-icon-inner\">\n\t\t\t\t\t\t<span class=\"feature-list-icon\">\n\t\t\t\t\t\t\t<svg xmlns=\"http:\/\/www.w3.org\/2000\/svg\" xmlns:xlink=\"http:\/\/www.w3.org\/1999\/xlink\" xmlns:serif=\"http:\/\/www.serif.com\/\" width=\"100%\" height=\"100%\" viewbox=\"0 0 125 154\" xml:space=\"preserve\" style=\"fill-rule:evenodd;clip-rule:evenodd;stroke-linejoin:round;stroke-miterlimit:2;\"><path id=\"path10\" d=\"M117.644,7.135l-62.93,79.567c-8.182,10.344 -21.327,10.25 -29.36,-0.208l-16.715,-21.758c-8.033,-10.456 -10.995,-8.854 -6.613,3.586l26.502,75.237c4.383,12.437 13.016,13.114 19.286,1.513l73.293,-135.657c6.269,-11.601 4.719,-12.621 -3.463,-2.28Zm-35.676,66.447l-38.864,71.933c-3.324,6.153 -7.901,5.791 -10.225,-0.805l-14.053,-39.893c-2.324,-6.594 -0.754,-7.446 3.506,-1.901l8.863,11.536c4.26,5.547 11.231,5.594 15.568,0.109l33.369,-42.187c4.339,-5.484 5.16,-4.943 1.836,1.208\" style=\"fill:#b59a44;fill-rule:nonzero;\"><\/path><\/svg>\n\t\t\t\t\t\t<\/span>\n\t\t\t\t\t<\/div>\n\t\t\t\t<\/div>\n\t\t\t\t<div class=\"feature-list-content-box\">\n\t\t\t\t\t<h3 class=\"feature-list-title\">E-Commerce Buchf\u00fchrung<\/h3>\n\t\t\t\t<\/div>\n\t\t\t<\/li><\/ul><\/div>\t\t\t\t<\/div>\n\t\t\t\t<\/div>\n\t\t\t\t<\/div>\n\t\t<div class=\"elementor-element elementor-element-703584d e-con-full e-flex e-con e-child\" data-id=\"703584d\" data-element_type=\"container\" data-e-type=\"container\" data-settings=\"{&quot;_ha_eqh_enable&quot;:false}\">\n\t\t\t\t<div class=\"elementor-element elementor-element-f5fd2ee elementor-widget elementor-widget-image\" data-id=\"f5fd2ee\" data-element_type=\"widget\" data-e-type=\"widget\" data-widget_type=\"image.default\">\n\t\t\t\t<div class=\"elementor-widget-container\">\n\t\t\t\t\t\t\t\t\t\t\t\t\t\t\t<img fetchpriority=\"high\" decoding=\"async\" width=\"1280\" height=\"853\" src=\"https:\/\/vair.world\/wp-content\/uploads\/2024\/04\/man-6874917_1280.jpg\" class=\"attachment-full size-full wp-image-1343\" alt=\"\" srcset=\"https:\/\/vair.world\/wp-content\/uploads\/2024\/04\/man-6874917_1280.jpg 1280w, https:\/\/vair.world\/wp-content\/uploads\/2024\/04\/man-6874917_1280-300x200.jpg 300w, https:\/\/vair.world\/wp-content\/uploads\/2024\/04\/man-6874917_1280-1024x682.jpg 1024w, https:\/\/vair.world\/wp-content\/uploads\/2024\/04\/man-6874917_1280-768x512.jpg 768w\" sizes=\"(max-width: 1280px) 100vw, 1280px\" \/>\t\t\t\t\t\t\t\t\t\t\t\t\t\t\t<\/div>\n\t\t\t\t<\/div>\n\t\t\t\t<div class=\"elementor-element elementor-element-4005a18 elementor-widget__width-auto e-transform elementor-invisible elementor-widget elementor-widget-jkit_button\" data-id=\"4005a18\" data-element_type=\"widget\" data-e-type=\"widget\" data-settings=\"{&quot;_transform_translateX_effect_hover&quot;:{&quot;unit&quot;:&quot;px&quot;,&quot;size&quot;:10,&quot;sizes&quot;:[]},&quot;_animation&quot;:&quot;fadeIn&quot;,&quot;_animation_delay&quot;:400,&quot;_transform_translateX_effect_hover_tablet&quot;:{&quot;unit&quot;:&quot;px&quot;,&quot;size&quot;:&quot;&quot;,&quot;sizes&quot;:[]},&quot;_transform_translateX_effect_hover_mobile&quot;:{&quot;unit&quot;:&quot;px&quot;,&quot;size&quot;:&quot;&quot;,&quot;sizes&quot;:[]},&quot;_transform_translateY_effect_hover&quot;:{&quot;unit&quot;:&quot;px&quot;,&quot;size&quot;:&quot;&quot;,&quot;sizes&quot;:[]},&quot;_transform_translateY_effect_hover_tablet&quot;:{&quot;unit&quot;:&quot;px&quot;,&quot;size&quot;:&quot;&quot;,&quot;sizes&quot;:[]},&quot;_transform_translateY_effect_hover_mobile&quot;:{&quot;unit&quot;:&quot;px&quot;,&quot;size&quot;:&quot;&quot;,&quot;sizes&quot;:[]}}\" data-widget_type=\"jkit_button.default\">\n\t\t\t\t<div class=\"elementor-widget-container\">\n\t\t\t\t\t<div  class=\"jeg-elementor-kit jkit-button  icon-position-before jeg_module__1_6a04d1c161baa\" ><a href=\"\/en\/kontakt\/\" class=\"jkit-button-wrapper\"><i aria-hidden=\"true\" class=\"jki jki-right-arrow-light\"><\/i>Sprechen Sie uns an!<\/a><\/div>\t\t\t\t<\/div>\n\t\t\t\t<\/div>\n\t\t\t\t<\/div>\n\t\t\t\t\t<\/div>\n\t\t\t\t<\/div>\n\t\t\t\t\t<\/div>\n\t\t\t\t<\/div>\n\t\t\t\t<\/div>","protected":false},"excerpt":{"rendered":"<p>Ob Buchhaltung* oder B\u00fcroservice \u2013 Wir bringen Ordnung in Ihre Unterlagen und befreien Sie von l\u00e4stigen b\u00fcrokratischen Aufgaben. Vair.Buchhaltung Nachfolgend ein Auszug unserer Leistungen: Erfassen lfd. Gesch\u00e4ftsvorf\u00e4lle Verwalten von offenen Posten Mahnwesen Abwickeln des Zahlungsverkehrs Abrechnen von Reisekosten Erstellen von Lohnabrechnungen B\u00fcroorganisation Individuelle B\u00fcroassistenz Administrative Verwaltungst\u00e4tigkeiten Schreibservice &amp; Datenerfassung Erledigen von Beh\u00f6rdeng\u00e4ngen Ausf\u00fcllen amtlicher Antr\u00e4ge [&hellip;]<\/p>\n","protected":false},"author":2,"featured_media":0,"parent":0,"menu_order":0,"comment_status":"closed","ping_status":"closed","template":"elementor_header_footer","meta":{"_angie_page":false,"footnotes":""},"class_list":["post-1352","page","type-page","status-publish","hentry"],"_links":{"self":[{"href":"https:\/\/vair.world\/en\/wp-json\/wp\/v2\/pages\/1352","targetHints":{"allow":["GET"]}}],"collection":[{"href":"https:\/\/vair.world\/en\/wp-json\/wp\/v2\/pages"}],"about":[{"href":"https:\/\/vair.world\/en\/wp-json\/wp\/v2\/types\/page"}],"author":[{"embeddable":true,"href":"https:\/\/vair.world\/en\/wp-json\/wp\/v2\/users\/2"}],"replies":[{"embeddable":true,"href":"https:\/\/vair.world\/en\/wp-json\/wp\/v2\/comments?post=1352"}],"version-history":[{"count":13,"href":"https:\/\/vair.world\/en\/wp-json\/wp\/v2\/pages\/1352\/revisions"}],"predecessor-version":[{"id":1409,"href":"https:\/\/vair.world\/en\/wp-json\/wp\/v2\/pages\/1352\/revisions\/1409"}],"wp:attachment":[{"href":"https:\/\/vair.world\/en\/wp-json\/wp\/v2\/media?parent=1352"}],"curies":[{"name":"wp","href":"https:\/\/api.w.org\/{rel}","templated":true}]}}